{"id":648,"date":"2025-09-25T19:58:07","date_gmt":"2025-09-25T17:58:07","guid":{"rendered":"https:\/\/startcentrum.se\/completed-programs\/be-the-future\/"},"modified":"2025-09-25T19:58:07","modified_gmt":"2025-09-25T17:58:07","slug":"be-the-future","status":"publish","type":"page","link":"https:\/\/startcentrum.se\/en\/completed-programs\/be-the-future\/","title":{"rendered":"Be The Future"},"content":{"rendered":"\t\t<div data-elementor-type=\"wp-page\" data-elementor-id=\"648\" class=\"elementor elementor-648 elementor-476\" data-elementor-post-type=\"page\">\n\t\t\t\t<div class=\"elementor-element elementor-element-35604f7 e-flex e-con-boxed e-con e-parent\" data-id=\"35604f7\" data-element_type=\"container\" data-settings=\"{&quot;background_background&quot;:&quot;classic&quot;,&quot;shape_divider_bottom&quot;:&quot;sectionbottombg-blue&quot;}\">\n\t\t\t\t\t<div class=\"e-con-inner\">\n\t\t\t\t<div class=\"elementor-shape elementor-shape-bottom\" aria-hidden=\"true\" data-negative=\"false\">\n\t\t\t<?xml version=\"1.0\" encoding=\"UTF-8\"?>\n<svg xmlns=\"http:\/\/www.w3.org\/2000\/svg\" viewBox=\"0 0 410 124\" preserveAspectRatio=\"none\">\n  <path class=\"elementor-shape-fill\" d=\"M0,0v124c76.5-8.3,160.7-30.6,234.9-55.2C308.9,44.2,409.8,0,410,0H0Z\"><\/path>\n  <path style=\"fill:#FEEBB7\" d=\"M410,0v105c-56.6-5.8-117.7-19.9-174.8-36.4C309.6,43.2,410,0,410,0Z\"><\/path>\n<\/svg>\n\t\t<\/div>\n\t\t<div class=\"elementor-element elementor-element-41642be e-con-full e-flex e-con e-child\" data-id=\"41642be\" data-element_type=\"container\">\n\t\t\t\t<div class=\"elementor-element elementor-element-65a6542 elementor-widget elementor-widget-image\" data-id=\"65a6542\" data-element_type=\"widget\" data-widget_type=\"image.default\">\n\t\t\t\t\t\t\t\t\t\t\t\t\t\t\t<img fetchpriority=\"high\" decoding=\"async\" width=\"800\" height=\"534\" src=\"https:\/\/startcentrum.se\/wp-content\/uploads\/2025\/09\/BeTheFuture_DSC3741-1-1024x683.jpg\" class=\"attachment-large size-large wp-image-646\" alt=\"\" srcset=\"https:\/\/startcentrum.se\/wp-content\/uploads\/2025\/09\/BeTheFuture_DSC3741-1-1024x683.jpg 1024w, https:\/\/startcentrum.se\/wp-content\/uploads\/2025\/09\/BeTheFuture_DSC3741-1-300x200.jpg 300w, https:\/\/startcentrum.se\/wp-content\/uploads\/2025\/09\/BeTheFuture_DSC3741-1-768x512.jpg 768w, https:\/\/startcentrum.se\/wp-content\/uploads\/2025\/09\/BeTheFuture_DSC3741-1-1536x1025.jpg 1536w, https:\/\/startcentrum.se\/wp-content\/uploads\/2025\/09\/BeTheFuture_DSC3741-1-2048x1366.jpg 2048w\" sizes=\"(max-width: 800px) 100vw, 800px\" \/>\t\t\t\t\t\t\t\t\t\t\t\t\t\t\t<\/div>\n\t\t\t\t<\/div>\n\t\t<div class=\"elementor-element elementor-element-8c28e7f e-con-full e-flex e-con e-child\" data-id=\"8c28e7f\" data-element_type=\"container\">\n\t\t\t\t<div class=\"elementor-element elementor-element-26ebb91 pp-dual-heading-block elementor-widget elementor-widget-pp-dual-heading\" data-id=\"26ebb91\" data-element_type=\"widget\" data-widget_type=\"pp-dual-heading.default\">\n\t\t\t\t\t<h2 class=\"pp-dual-heading\"><span class=\"pp-first-text\">Completed programs:<\/span><span class=\"pp-second-text\">Be the Future<\/span><\/h2>\t\t\t\t<\/div>\n\t\t\t\t<div class=\"elementor-element elementor-element-1d5671c elementor-widget-divider--view-line elementor-widget elementor-widget-global elementor-global-675 elementor-global-80 elementor-widget-divider\" data-id=\"1d5671c\" data-element_type=\"widget\" data-widget_type=\"divider.default\">\n\t\t\t\t\t\t\t<div class=\"elementor-divider\">\n\t\t\t<span class=\"elementor-divider-separator\">\n\t\t\t\t\t\t<\/span>\n\t\t<\/div>\n\t\t\t\t\t\t<\/div>\n\t\t\t\t<div class=\"elementor-element elementor-element-95fe9e6 elementor-widget elementor-widget-spacer\" data-id=\"95fe9e6\" data-element_type=\"widget\" data-widget_type=\"spacer.default\">\n\t\t\t\t\t\t\t<div class=\"elementor-spacer\">\n\t\t\t<div class=\"elementor-spacer-inner\"><\/div>\n\t\t<\/div>\n\t\t\t\t\t\t<\/div>\n\t\t\t\t<div class=\"elementor-element elementor-element-fe10c83 elementor-widget elementor-widget-text-editor\" data-id=\"fe10c83\" data-element_type=\"widget\" data-widget_type=\"text-editor.default\">\n\t\t\t\t\t\t\t\t\t<p>Be the Future brings together girls aged 15\u201318 from Sweden, Estonia, and Latvia to develop ideas, build businesses, and create international networks<\/p>\t\t\t\t\t\t\t\t<\/div>\n\t\t\t\t<div class=\"elementor-element elementor-element-8b3db02 elementor-align-center elementor-widget elementor-widget-button\" data-id=\"8b3db02\" data-element_type=\"widget\" data-widget_type=\"button.default\">\n\t\t\t\t\t\t\t\t\t\t<a class=\"elementor-button elementor-button-link elementor-size-sm\" href=\"#readmore\">\n\t\t\t\t\t\t<span class=\"elementor-button-content-wrapper\">\n\t\t\t\t\t\t<span class=\"elementor-button-icon\">\n\t\t\t\t<svg aria-hidden=\"true\" class=\"e-font-icon-svg e-fas-chevron-circle-down\" viewBox=\"0 0 512 512\" xmlns=\"http:\/\/www.w3.org\/2000\/svg\"><path d=\"M504 256c0 137-111 248-248 248S8 393 8 256 119 8 256 8s248 111 248 248zM273 369.9l135.5-135.5c9.4-9.4 9.4-24.6 0-33.9l-17-17c-9.4-9.4-24.6-9.4-33.9 0L256 285.1 154.4 183.5c-9.4-9.4-24.6-9.4-33.9 0l-17 17c-9.4 9.4-9.4 24.6 0 33.9L239 369.9c9.4 9.4 24.6 9.4 34 0z\"><\/path><\/svg>\t\t\t<\/span>\n\t\t\t\t\t\t\t\t\t<span class=\"elementor-button-text\">More<\/span>\n\t\t\t\t\t<\/span>\n\t\t\t\t\t<\/a>\n\t\t\t\t\t\t\t\t<\/div>\n\t\t\t\t<\/div>\n\t\t\t\t\t<\/div>\n\t\t\t\t<\/div>\n\t\t<div class=\"elementor-element elementor-element-60bde88 e-flex e-con-boxed e-con e-parent\" data-id=\"60bde88\" data-element_type=\"container\" data-settings=\"{&quot;background_background&quot;:&quot;classic&quot;}\">\n\t\t\t\t\t<div class=\"e-con-inner\">\n\t\t\t\t<div class=\"elementor-element elementor-element-98f25a9 elementor-widget elementor-widget-menu-anchor\" data-id=\"98f25a9\" data-element_type=\"widget\" data-widget_type=\"menu-anchor.default\">\n\t\t\t\t\t\t\t<div class=\"elementor-menu-anchor\" id=\"readmore\"><\/div>\n\t\t\t\t\t\t<\/div>\n\t\t\t\t<div class=\"elementor-element elementor-element-b94b13a elementor-widget elementor-widget-heading\" data-id=\"b94b13a\" data-element_type=\"widget\" data-widget_type=\"heading.default\">\n\t\t\t\t\t<h3 class=\"elementor-heading-title elementor-size-default\"><b>Om projektet<\/b><\/h3>\t\t\t\t<\/div>\n\t\t\t\t<div class=\"elementor-element elementor-element-5fc810c elementor-widget-divider--view-line elementor-widget elementor-widget-global elementor-global-681 elementor-global-289 elementor-widget-divider\" data-id=\"5fc810c\" data-element_type=\"widget\" data-widget_type=\"divider.default\">\n\t\t\t\t\t\t\t<div class=\"elementor-divider\">\n\t\t\t<span class=\"elementor-divider-separator\">\n\t\t\t\t\t\t<\/span>\n\t\t<\/div>\n\t\t\t\t\t\t<\/div>\n\t\t\t\t<div class=\"elementor-element elementor-element-5977fd8 elementor-widget elementor-widget-text-editor\" data-id=\"5977fd8\" data-element_type=\"widget\" data-widget_type=\"text-editor.default\">\n\t\t\t\t\t\t\t\t\t<p style=\"font-weight: 400;\"><strong>Be the Future \u00e4r ett internationellt projekt f\u00f6r tjejer i \u00e5ldern 15\u201318 som vill utforska entrepren\u00f6rskap i praktiken. <\/strong><\/p>\n<p style=\"font-weight: 400;\">By working in international teams with Sweden, Estonia, and Latvia, participants develop ideas, start businesses, and test their solutions in real markets\u2014while building cross-border networks. Funded by <a href=\"https:\/\/centralbaltic.eu\/\">Interreg Central Baltic,<\/a> the project offers a unique chance to grow as both an entrepreneur and a leader. <\/p>\n<p style=\"font-weight: 400;\">The aim is to boost young women\u2019s entrepreneurial confidence, courage, and ability to shape their future. Participants gain knowledge in areas like business development, finance, marketing, and sustainability, as well as valuable experiences that support personal growth\u2014such as self-leadership, teamwork, and learning to take their place. <\/p>\t\t\t\t\t\t\t\t<\/div>\n\t\t\t\t<div class=\"elementor-element elementor-element-189236d elementor-widget elementor-widget-image\" data-id=\"189236d\" data-element_type=\"widget\" data-widget_type=\"image.default\">\n\t\t\t\t\t\t\t\t\t\t\t\t\t\t\t<img decoding=\"async\" width=\"800\" height=\"315\" src=\"https:\/\/startcentrum.se\/wp-content\/uploads\/2025\/09\/BeTheFuture_DSC3177-e1758805847336-1024x403.jpg\" class=\"attachment-large size-large wp-image-649\" alt=\"\" srcset=\"https:\/\/startcentrum.se\/wp-content\/uploads\/2025\/09\/BeTheFuture_DSC3177-e1758805847336-1024x403.jpg 1024w, https:\/\/startcentrum.se\/wp-content\/uploads\/2025\/09\/BeTheFuture_DSC3177-e1758805847336-300x118.jpg 300w, https:\/\/startcentrum.se\/wp-content\/uploads\/2025\/09\/BeTheFuture_DSC3177-e1758805847336-768x302.jpg 768w, https:\/\/startcentrum.se\/wp-content\/uploads\/2025\/09\/BeTheFuture_DSC3177-e1758805847336-1536x604.jpg 1536w, https:\/\/startcentrum.se\/wp-content\/uploads\/2025\/09\/BeTheFuture_DSC3177-e1758805847336-2048x805.jpg 2048w\" sizes=\"(max-width: 800px) 100vw, 800px\" \/>\t\t\t\t\t\t\t\t\t\t\t\t\t\t\t<\/div>\n\t\t\t\t<div class=\"elementor-element elementor-element-511c330 elementor-widget elementor-widget-spacer\" data-id=\"511c330\" data-element_type=\"widget\" data-widget_type=\"spacer.default\">\n\t\t\t\t\t\t\t<div class=\"elementor-spacer\">\n\t\t\t<div class=\"elementor-spacer-inner\"><\/div>\n\t\t<\/div>\n\t\t\t\t\t\t<\/div>\n\t\t\t\t\t<\/div>\n\t\t\t\t<\/div>\n\t\t<div class=\"elementor-element elementor-element-37567b3 e-flex e-con-boxed e-con e-parent\" data-id=\"37567b3\" data-element_type=\"container\" data-settings=\"{&quot;background_background&quot;:&quot;classic&quot;,&quot;shape_divider_top&quot;:&quot;sectionbgshape-lightyellow&quot;}\">\n\t\t\t\t\t<div class=\"e-con-inner\">\n\t\t\t\t<div class=\"elementor-shape elementor-shape-top\" aria-hidden=\"true\" data-negative=\"false\">\n\t\t\t<?xml version=\"1.0\" encoding=\"UTF-8\"?>\n<svg xmlns=\"http:\/\/www.w3.org\/2000\/svg\" viewBox=\"0 0 410 124\" preserveAspectRatio=\"none\">\n  <path class=\"elementor-shape-fill\" d=\"M0,0c76.5,8.3,160.7,30.6,234.9,55.2,57.1-16.5,118.5-30.4,175.1-36.2V0H0Z\"><\/path>\n  <path style=\"fill:#FEEBB7\" d=\"M410,124V18.8c-56.7,5.8-117.9,19.9-175.1,36.4,74.2,24.6,138.4,51.6,175.1,68.8Z\"><\/path>\n<\/svg>\n\t\t<\/div>\n\t\t\t\t<div class=\"elementor-element elementor-element-ff95fd9 elementor-widget elementor-widget-spacer\" data-id=\"ff95fd9\" data-element_type=\"widget\" data-widget_type=\"spacer.default\">\n\t\t\t\t\t\t\t<div class=\"elementor-spacer\">\n\t\t\t<div class=\"elementor-spacer-inner\"><\/div>\n\t\t<\/div>\n\t\t\t\t\t\t<\/div>\n\t\t\t\t<div class=\"elementor-element elementor-element-ec8a2a4 elementor-widget elementor-widget-heading\" data-id=\"ec8a2a4\" data-element_type=\"widget\" data-widget_type=\"heading.default\">\n\t\t\t\t\t<h3 class=\"elementor-heading-title elementor-size-default\"><b>Results<\/b><\/h3>\t\t\t\t<\/div>\n\t\t\t\t<div class=\"elementor-element elementor-element-9c0a51b elementor-widget-divider--view-line elementor-widget elementor-widget-global elementor-global-681 elementor-global-289 elementor-widget-divider\" data-id=\"9c0a51b\" data-element_type=\"widget\" data-widget_type=\"divider.default\">\n\t\t\t\t\t\t\t<div class=\"elementor-divider\">\n\t\t\t<span class=\"elementor-divider-separator\">\n\t\t\t\t\t\t<\/span>\n\t\t<\/div>\n\t\t\t\t\t\t<\/div>\n\t\t\t\t<div class=\"elementor-element elementor-element-9e266fd elementor-widget elementor-widget-text-editor\" data-id=\"9e266fd\" data-element_type=\"widget\" data-widget_type=\"text-editor.default\">\n\t\t\t\t\t\t\t\t\t<p>The project is now complete.<\/p><p>The results clearly show that the learning-by-doing method works. Participants report that they have grown as entrepreneurs, become more interested in starting businesses, and gained new insights into how they can use their entrepreneurial skills in different areas of life. <\/p><p><strong>Be the Future proofs that when young people get the right support and networks, they can create solutions for tomorrow\u2019s challenges \u2014 today.<\/strong><\/p>\t\t\t\t\t\t\t\t<\/div>\n\t\t\t\t<div class=\"elementor-element elementor-element-55ffeaa elementor-widget elementor-widget-spacer\" data-id=\"55ffeaa\" data-element_type=\"widget\" data-widget_type=\"spacer.default\">\n\t\t\t\t\t\t\t<div class=\"elementor-spacer\">\n\t\t\t<div class=\"elementor-spacer-inner\"><\/div>\n\t\t<\/div>\n\t\t\t\t\t\t<\/div>\n\t\t\t\t<div class=\"elementor-element elementor-element-936a46b elementor-align-center elementor-widget elementor-widget-button\" data-id=\"936a46b\" data-element_type=\"widget\" data-widget_type=\"button.default\">\n\t\t\t\t\t\t\t\t\t\t<a class=\"elementor-button elementor-button-link elementor-size-sm\" href=\"https:\/\/startcentrum.se\/wp-content\/uploads\/2025\/09\/Be-The-Future.pdf\" target=\"_blank\">\n\t\t\t\t\t\t<span class=\"elementor-button-content-wrapper\">\n\t\t\t\t\t\t\t\t\t<span class=\"elementor-button-text\">L\u00e4s rapporten<\/span>\n\t\t\t\t\t<\/span>\n\t\t\t\t\t<\/a>\n\t\t\t\t\t\t\t\t<\/div>\n\t\t\t\t\t<\/div>\n\t\t\t\t<\/div>\n\t\t\t\t<\/div>\n\t\t","protected":false},"excerpt":{"rendered":"<p>Completed programs:Be the Future Be the Future brings together girls aged 15\u201318 from Sweden, Estonia, and Latvia to develop ideas, build businesses, and create international networks More Om projektet Be the Future \u00e4r ett internationellt projekt f\u00f6r tjejer i \u00e5ldern 15\u201318 som vill utforska entrepren\u00f6rskap i praktiken. By working in international teams with Sweden, Estonia, [&hellip;]<\/p>\n","protected":false},"author":1,"featured_media":0,"parent":641,"menu_order":0,"comment_status":"closed","ping_status":"closed","template":"","meta":{"inline_featured_image":false,"footnotes":""},"class_list":["post-648","page","type-page","status-publish","hentry"],"_links":{"self":[{"href":"https:\/\/startcentrum.se\/en\/wp-json\/wp\/v2\/pages\/648","targetHints":{"allow":["GET"]}}],"collection":[{"href":"https:\/\/startcentrum.se\/en\/wp-json\/wp\/v2\/pages"}],"about":[{"href":"https:\/\/startcentrum.se\/en\/wp-json\/wp\/v2\/types\/page"}],"author":[{"embeddable":true,"href":"https:\/\/startcentrum.se\/en\/wp-json\/wp\/v2\/users\/1"}],"replies":[{"embeddable":true,"href":"https:\/\/startcentrum.se\/en\/wp-json\/wp\/v2\/comments?post=648"}],"version-history":[{"count":1,"href":"https:\/\/startcentrum.se\/en\/wp-json\/wp\/v2\/pages\/648\/revisions"}],"predecessor-version":[{"id":650,"href":"https:\/\/startcentrum.se\/en\/wp-json\/wp\/v2\/pages\/648\/revisions\/650"}],"up":[{"embeddable":true,"href":"https:\/\/startcentrum.se\/en\/wp-json\/wp\/v2\/pages\/641"}],"wp:attachment":[{"href":"https:\/\/startcentrum.se\/en\/wp-json\/wp\/v2\/media?parent=648"}],"curies":[{"name":"wp","href":"https:\/\/api.w.org\/{rel}","templated":true}]}}